{"id":11932,"date":"2019-01-22T13:43:33","date_gmt":"2019-01-22T15:43:33","guid":{"rendered":"https:\/\/jornaltimoneiro.com.br\/?page_id=11932"},"modified":"2025-08-27T13:44:00","modified_gmt":"2025-08-27T16:44:00","slug":"contato-redacao-otgmail-com","status":"publish","type":"page","link":"https:\/\/jornaltimoneiro.com.br\/index.php\/contato-redacao-otgmail-com\/","title":{"rendered":"Contato"},"content":{"rendered":"<p>O jornal\u00a0<strong>Timoneiro<\/strong>\u00a0\u00e9 a melhor op\u00e7\u00e3o para divulgar sua marca, produto ou servi\u00e7o na cidade de Canoas.<\/p>\n<p>Fa\u00e7a um contato telef\u00f4nico ou envie um e-mail para n\u00f3s que teremos o prazer de lhe fazer uma visita e estudar a melhor forma de atingir seus objetivos.<\/p>\n<p><strong>Reda\u00e7\u00e3o<\/strong><\/p>\n<p>redacao.ot@gmail.com<\/p>\n<p><strong>Comercial\u00a0<\/strong><\/p>\n<p>comercial@otimoneiro.com.br<\/p>\n<p><strong>Telefone<\/strong><\/p>\n<p>3472 3022<\/p>\n","protected":false},"excerpt":{"rendered":"<p>O jornal\u00a0Timoneiro\u00a0\u00e9 a melhor op\u00e7\u00e3o para divulgar sua marca, produto ou servi\u00e7o na cidade de Canoas. Fa\u00e7a um contato telef\u00f4nico ou envie um e-mail para n\u00f3s que teremos o prazer de lhe fazer uma visita e estudar a melhor forma de atingir seus objetivos. Reda\u00e7\u00e3o redacao.ot@gmail.com Comercial\u00a0 comercial@otimoneiro.com.br Telefone 3472 3022<\/p>\n","protected":false},"author":1,"featured_media":0,"parent":0,"menu_order":0,"comment_status":"closed","ping_status":"closed","template":"","meta":{"amp_status":"","footnotes":""},"class_list":["post-11932","page","type-page","status-publish","hentry"],"yoast_head":"<!-- This site is optimized with the Yoast SEO plugin v20.5 - https:\/\/yoast.com\/wordpress\/plugins\/seo\/ -->\n<title>Contato - O Timoneiro Jornal Canoas RS<\/title>\n<meta name=\"description\" content=\"email redacao.ot@gmail.com contato jornal timoneiro canoas informa\u00e7\u00e3o telefone regi\u00e3o otplay tv est\u00fadio podcast OT Rio Grande do Sul\" \/>\n<meta name=\"robots\" content=\"index, follow, max-snippet:-1, max-image-preview:large, max-video-preview:-1\" \/>\n<link rel=\"canonical\" href=\"https:\/\/jornaltimoneiro.com.br\/index.php\/contato-redacao-otgmail-com\/\" \/>\n<meta property=\"og:locale\" content=\"pt_BR\" \/>\n<meta property=\"og:type\" content=\"article\" \/>\n<meta property=\"og:title\" content=\"Contato - O Timoneiro Jornal Canoas RS\" \/>\n<meta property=\"og:description\" content=\"email redacao.ot@gmail.com contato jornal timoneiro canoas informa\u00e7\u00e3o telefone regi\u00e3o otplay tv est\u00fadio podcast OT Rio Grande do Sul\" \/>\n<meta property=\"og:url\" content=\"https:\/\/jornaltimoneiro.com.br\/index.php\/contato-redacao-otgmail-com\/\" \/>\n<meta property=\"og:site_name\" content=\"O Timoneiro Jornal Canoas RS\" \/>\n<meta property=\"article:publisher\" content=\"https:\/\/www.facebook.com\/jornaltimoneiro\" \/>\n<meta property=\"article:modified_time\" content=\"2025-08-27T16:44:00+00:00\" \/>\n<meta name=\"twitter:card\" content=\"summary_large_image\" \/>\n<meta name=\"twitter:site\" content=\"@_OTimoneiro\" \/>\n<meta name=\"twitter:label1\" content=\"Est. tempo de leitura\" \/>\n\t<meta name=\"twitter:data1\" content=\"1 minuto\" \/>\n<script type=\"application\/ld+json\" class=\"yoast-schema-graph\">{\"@context\":\"https:\/\/schema.org\",\"@graph\":[{\"@type\":\"WebPage\",\"@id\":\"https:\/\/jornaltimoneiro.com.br\/index.php\/contato-redacao-otgmail-com\/\",\"url\":\"https:\/\/jornaltimoneiro.com.br\/index.php\/contato-redacao-otgmail-com\/\",\"name\":\"Contato - O Timoneiro Jornal Canoas RS\",\"isPartOf\":{\"@id\":\"https:\/\/jornaltimoneiro.com.br\/#website\"},\"datePublished\":\"2019-01-22T15:43:33+00:00\",\"dateModified\":\"2025-08-27T16:44:00+00:00\",\"description\":\"email redacao.ot@gmail.com contato jornal timoneiro canoas informa\u00e7\u00e3o telefone regi\u00e3o otplay tv est\u00fadio podcast OT Rio Grande do Sul\",\"breadcrumb\":{\"@id\":\"https:\/\/jornaltimoneiro.com.br\/index.php\/contato-redacao-otgmail-com\/#breadcrumb\"},\"inLanguage\":\"pt-BR\",\"potentialAction\":[{\"@type\":\"ReadAction\",\"target\":[\"https:\/\/jornaltimoneiro.com.br\/index.php\/contato-redacao-otgmail-com\/\"]}]},{\"@type\":\"BreadcrumbList\",\"@id\":\"https:\/\/jornaltimoneiro.com.br\/index.php\/contato-redacao-otgmail-com\/#breadcrumb\",\"itemListElement\":[{\"@type\":\"ListItem\",\"position\":1,\"name\":\"In\u00edcio\",\"item\":\"https:\/\/jornaltimoneiro.com.br\/\"},{\"@type\":\"ListItem\",\"position\":2,\"name\":\"Contato\"}]},{\"@type\":\"WebSite\",\"@id\":\"https:\/\/jornaltimoneiro.com.br\/#website\",\"url\":\"https:\/\/jornaltimoneiro.com.br\/\",\"name\":\"Jornal Timoneiro Canoas RS\",\"description\":\"Jornal O Timoneiro, o verdadeiro jornal de Canoas\",\"publisher\":{\"@id\":\"https:\/\/jornaltimoneiro.com.br\/#organization\"},\"potentialAction\":[{\"@type\":\"SearchAction\",\"target\":{\"@type\":\"EntryPoint\",\"urlTemplate\":\"https:\/\/jornaltimoneiro.com.br\/?s={search_term_string}\"},\"query-input\":\"required name=search_term_string\"}],\"inLanguage\":\"pt-BR\"},{\"@type\":\"Organization\",\"@id\":\"https:\/\/jornaltimoneiro.com.br\/#organization\",\"name\":\"Jornal Timoneiro Canoas RS\",\"url\":\"https:\/\/jornaltimoneiro.com.br\/\",\"logo\":{\"@type\":\"ImageObject\",\"inLanguage\":\"pt-BR\",\"@id\":\"https:\/\/jornaltimoneiro.com.br\/#\/schema\/logo\/image\/\",\"url\":\"https:\/\/jornaltimoneiro.com.br\/wp-content\/uploads\/2023\/03\/logonovo.png\",\"contentUrl\":\"https:\/\/jornaltimoneiro.com.br\/wp-content\/uploads\/2023\/03\/logonovo.png\",\"width\":\"469\",\"height\":\"171\",\"caption\":\"Jornal Timoneiro Canoas RS\"},\"image\":{\"@id\":\"https:\/\/jornaltimoneiro.com.br\/#\/schema\/logo\/image\/\"},\"sameAs\":[\"https:\/\/www.facebook.com\/jornaltimoneiro\",\"https:\/\/twitter.com\/_OTimoneiro\",\"https:\/\/www.instagram.com\/jornaltimoneirocanoas\/\",\"https:\/\/www.youtube.com\/@jornalotimoneiro7927\"]}]}<\/script>\n<!-- \/ Yoast SEO plugin. -->","yoast_head_json":{"title":"Contato - O Timoneiro Jornal Canoas RS","description":"email redacao.ot@gmail.com contato jornal timoneiro canoas informa\u00e7\u00e3o telefone regi\u00e3o otplay tv est\u00fadio podcast OT Rio Grande do Sul","robots":{"index":"index","follow":"follow","max-snippet":"max-snippet:-1","max-image-preview":"max-image-preview:large","max-video-preview":"max-video-preview:-1"},"canonical":"https:\/\/jornaltimoneiro.com.br\/index.php\/contato-redacao-otgmail-com\/","og_locale":"pt_BR","og_type":"article","og_title":"Contato - O Timoneiro Jornal Canoas RS","og_description":"email redacao.ot@gmail.com contato jornal timoneiro canoas informa\u00e7\u00e3o telefone regi\u00e3o otplay tv est\u00fadio podcast OT Rio Grande do Sul","og_url":"https:\/\/jornaltimoneiro.com.br\/index.php\/contato-redacao-otgmail-com\/","og_site_name":"O Timoneiro Jornal Canoas RS","article_publisher":"https:\/\/www.facebook.com\/jornaltimoneiro","article_modified_time":"2025-08-27T16:44:00+00:00","twitter_card":"summary_large_image","twitter_site":"@_OTimoneiro","twitter_misc":{"Est. tempo de leitura":"1 minuto"},"schema":{"@context":"https:\/\/schema.org","@graph":[{"@type":"WebPage","@id":"https:\/\/jornaltimoneiro.com.br\/index.php\/contato-redacao-otgmail-com\/","url":"https:\/\/jornaltimoneiro.com.br\/index.php\/contato-redacao-otgmail-com\/","name":"Contato - O Timoneiro Jornal Canoas RS","isPartOf":{"@id":"https:\/\/jornaltimoneiro.com.br\/#website"},"datePublished":"2019-01-22T15:43:33+00:00","dateModified":"2025-08-27T16:44:00+00:00","description":"email redacao.ot@gmail.com contato jornal timoneiro canoas informa\u00e7\u00e3o telefone regi\u00e3o otplay tv est\u00fadio podcast OT Rio Grande do Sul","breadcrumb":{"@id":"https:\/\/jornaltimoneiro.com.br\/index.php\/contato-redacao-otgmail-com\/#breadcrumb"},"inLanguage":"pt-BR","potentialAction":[{"@type":"ReadAction","target":["https:\/\/jornaltimoneiro.com.br\/index.php\/contato-redacao-otgmail-com\/"]}]},{"@type":"BreadcrumbList","@id":"https:\/\/jornaltimoneiro.com.br\/index.php\/contato-redacao-otgmail-com\/#breadcrumb","itemListElement":[{"@type":"ListItem","position":1,"name":"In\u00edcio","item":"https:\/\/jornaltimoneiro.com.br\/"},{"@type":"ListItem","position":2,"name":"Contato"}]},{"@type":"WebSite","@id":"https:\/\/jornaltimoneiro.com.br\/#website","url":"https:\/\/jornaltimoneiro.com.br\/","name":"Jornal Timoneiro Canoas RS","description":"Jornal O Timoneiro, o verdadeiro jornal de Canoas","publisher":{"@id":"https:\/\/jornaltimoneiro.com.br\/#organization"},"potentialAction":[{"@type":"SearchAction","target":{"@type":"EntryPoint","urlTemplate":"https:\/\/jornaltimoneiro.com.br\/?s={search_term_string}"},"query-input":"required name=search_term_string"}],"inLanguage":"pt-BR"},{"@type":"Organization","@id":"https:\/\/jornaltimoneiro.com.br\/#organization","name":"Jornal Timoneiro Canoas RS","url":"https:\/\/jornaltimoneiro.com.br\/","logo":{"@type":"ImageObject","inLanguage":"pt-BR","@id":"https:\/\/jornaltimoneiro.com.br\/#\/schema\/logo\/image\/","url":"https:\/\/jornaltimoneiro.com.br\/wp-content\/uploads\/2023\/03\/logonovo.png","contentUrl":"https:\/\/jornaltimoneiro.com.br\/wp-content\/uploads\/2023\/03\/logonovo.png","width":"469","height":"171","caption":"Jornal Timoneiro Canoas RS"},"image":{"@id":"https:\/\/jornaltimoneiro.com.br\/#\/schema\/logo\/image\/"},"sameAs":["https:\/\/www.facebook.com\/jornaltimoneiro","https:\/\/twitter.com\/_OTimoneiro","https:\/\/www.instagram.com\/jornaltimoneirocanoas\/","https:\/\/www.youtube.com\/@jornalotimoneiro7927"]}]}},"_links":{"self":[{"href":"https:\/\/jornaltimoneiro.com.br\/index.php\/wp-json\/wp\/v2\/pages\/11932"}],"collection":[{"href":"https:\/\/jornaltimoneiro.com.br\/index.php\/wp-json\/wp\/v2\/pages"}],"about":[{"href":"https:\/\/jornaltimoneiro.com.br\/index.php\/wp-json\/wp\/v2\/types\/page"}],"author":[{"embeddable":true,"href":"https:\/\/jornaltimoneiro.com.br\/index.php\/wp-json\/wp\/v2\/users\/1"}],"replies":[{"embeddable":true,"href":"https:\/\/jornaltimoneiro.com.br\/index.php\/wp-json\/wp\/v2\/comments?post=11932"}],"version-history":[{"count":2,"href":"https:\/\/jornaltimoneiro.com.br\/index.php\/wp-json\/wp\/v2\/pages\/11932\/revisions"}],"predecessor-version":[{"id":36512,"href":"https:\/\/jornaltimoneiro.com.br\/index.php\/wp-json\/wp\/v2\/pages\/11932\/revisions\/36512"}],"wp:attachment":[{"href":"https:\/\/jornaltimoneiro.com.br\/index.php\/wp-json\/wp\/v2\/media?parent=11932"}],"curies":[{"name":"wp","href":"https:\/\/api.w.org\/{rel}","templated":true}]}}