{"id":11784,"date":"2026-05-07T19:20:55","date_gmt":"2026-05-07T22:20:55","guid":{"rendered":"https:\/\/jornaltimoneiro.com.br\/?page_id=11784"},"modified":"2026-05-07T19:55:34","modified_gmt":"2026-05-07T22:55:34","slug":"versao-impressa","status":"publish","type":"page","link":"https:\/\/jornaltimoneiro.com.br\/index.php\/versao-impressa\/","title":{"rendered":"Vers\u00e3o Impressa"},"content":{"rendered":"<div id=\"attachment_40668\" style=\"width: 750px\" class=\"wp-caption alignleft\"><img decoding=\"async\" aria-describedby=\"caption-attachment-40668\" class=\"wp-image-40668 size-large\" src=\"https:\/\/jornaltimoneiro.com.br\/wp-content\/uploads\/2026\/05\/capa-752x1024.png\" alt=\"Capa O Timoneiro = Edi\u00e7\u00e3o 3225\" width=\"740\" height=\"1008\" srcset=\"https:\/\/jornaltimoneiro.com.br\/wp-content\/uploads\/2026\/05\/capa-752x1024.png 752w, https:\/\/jornaltimoneiro.com.br\/wp-content\/uploads\/2026\/05\/capa-220x300.png 220w, https:\/\/jornaltimoneiro.com.br\/wp-content\/uploads\/2026\/05\/capa-768x1046.png 768w, https:\/\/jornaltimoneiro.com.br\/wp-content\/uploads\/2026\/05\/capa-1128x1536.png 1128w, https:\/\/jornaltimoneiro.com.br\/wp-content\/uploads\/2026\/05\/capa-1504x2048.png 1504w\" sizes=\"(max-width: 740px) 100vw, 740px\" \/><p id=\"caption-attachment-40668\" class=\"wp-caption-text\">Capa O Timoneiro = Edi\u00e7\u00e3o 3225<\/p><\/div>\n<h4>Leia vers\u00e3o digital aqui: <a href=\"https:\/\/jornaltimoneiro.com.br\/wp-content\/uploads\/2026\/05\/OTimoneiro_3225.pdf\">OTimoneiro_3225<\/a><\/h4>\n","protected":false},"excerpt":{"rendered":"<p>Leia vers\u00e3o digital aqui: OTimoneiro_3225<\/p>\n","protected":false},"author":1,"featured_media":0,"parent":0,"menu_order":0,"comment_status":"closed","ping_status":"closed","template":"","meta":{"amp_status":"","footnotes":""},"class_list":["post-11784","page","type-page","status-publish","hentry"],"yoast_head":"<!-- This site is optimized with the Yoast SEO plugin v20.5 - https:\/\/yoast.com\/wordpress\/plugins\/seo\/ -->\n<title>Vers\u00e3o Impressa - O Timoneiro Jornal Canoas RS<\/title>\n<meta name=\"description\" content=\"jornal canoas not\u00edcias variedade esporte pol\u00edtica sa\u00fade educa\u00e7\u00e3o cultura cinema entretenimento assuntos gerais vers\u00e3o impressa comunidade RS\" \/>\n<meta name=\"robots\" content=\"index, follow, max-snippet:-1, max-image-preview:large, max-video-preview:-1\" \/>\n<link rel=\"canonical\" href=\"https:\/\/jornaltimoneiro.com.br\/index.php\/versao-impressa\/\" \/>\n<meta property=\"og:locale\" content=\"pt_BR\" \/>\n<meta property=\"og:type\" content=\"article\" \/>\n<meta property=\"og:title\" content=\"Vers\u00e3o Impressa - O Timoneiro Jornal Canoas RS\" \/>\n<meta property=\"og:description\" content=\"jornal canoas not\u00edcias variedade esporte pol\u00edtica sa\u00fade educa\u00e7\u00e3o cultura cinema entretenimento assuntos gerais vers\u00e3o impressa comunidade RS\" \/>\n<meta property=\"og:url\" content=\"https:\/\/jornaltimoneiro.com.br\/index.php\/versao-impressa\/\" \/>\n<meta property=\"og:site_name\" content=\"O Timoneiro Jornal Canoas RS\" \/>\n<meta property=\"article:publisher\" content=\"https:\/\/www.facebook.com\/jornaltimoneiro\" \/>\n<meta property=\"article:modified_time\" content=\"2026-05-07T22:55:34+00:00\" \/>\n<meta property=\"og:image\" content=\"https:\/\/jornaltimoneiro.com.br\/wp-content\/uploads\/2026\/05\/capa-752x1024.png\" \/>\n<meta name=\"twitter:card\" content=\"summary_large_image\" \/>\n<meta name=\"twitter:site\" content=\"@_OTimoneiro\" \/>\n<meta name=\"twitter:label1\" content=\"Est. tempo de leitura\" \/>\n\t<meta name=\"twitter:data1\" content=\"1 minuto\" \/>\n<script type=\"application\/ld+json\" class=\"yoast-schema-graph\">{\"@context\":\"https:\/\/schema.org\",\"@graph\":[{\"@type\":\"WebPage\",\"@id\":\"https:\/\/jornaltimoneiro.com.br\/index.php\/versao-impressa\/\",\"url\":\"https:\/\/jornaltimoneiro.com.br\/index.php\/versao-impressa\/\",\"name\":\"Vers\u00e3o Impressa - O Timoneiro Jornal Canoas RS\",\"isPartOf\":{\"@id\":\"https:\/\/jornaltimoneiro.com.br\/#website\"},\"datePublished\":\"2026-05-07T22:20:55+00:00\",\"dateModified\":\"2026-05-07T22:55:34+00:00\",\"description\":\"jornal canoas not\u00edcias variedade esporte pol\u00edtica sa\u00fade educa\u00e7\u00e3o cultura cinema entretenimento assuntos gerais vers\u00e3o impressa comunidade RS\",\"breadcrumb\":{\"@id\":\"https:\/\/jornaltimoneiro.com.br\/index.php\/versao-impressa\/#breadcrumb\"},\"inLanguage\":\"pt-BR\",\"potentialAction\":[{\"@type\":\"ReadAction\",\"target\":[\"https:\/\/jornaltimoneiro.com.br\/index.php\/versao-impressa\/\"]}]},{\"@type\":\"BreadcrumbList\",\"@id\":\"https:\/\/jornaltimoneiro.com.br\/index.php\/versao-impressa\/#breadcrumb\",\"itemListElement\":[{\"@type\":\"ListItem\",\"position\":1,\"name\":\"In\u00edcio\",\"item\":\"https:\/\/jornaltimoneiro.com.br\/\"},{\"@type\":\"ListItem\",\"position\":2,\"name\":\"Vers\u00e3o Impressa\"}]},{\"@type\":\"WebSite\",\"@id\":\"https:\/\/jornaltimoneiro.com.br\/#website\",\"url\":\"https:\/\/jornaltimoneiro.com.br\/\",\"name\":\"Jornal Timoneiro Canoas RS\",\"description\":\"Jornal O Timoneiro, o verdadeiro jornal de Canoas\",\"publisher\":{\"@id\":\"https:\/\/jornaltimoneiro.com.br\/#organization\"},\"potentialAction\":[{\"@type\":\"SearchAction\",\"target\":{\"@type\":\"EntryPoint\",\"urlTemplate\":\"https:\/\/jornaltimoneiro.com.br\/?s={search_term_string}\"},\"query-input\":\"required name=search_term_string\"}],\"inLanguage\":\"pt-BR\"},{\"@type\":\"Organization\",\"@id\":\"https:\/\/jornaltimoneiro.com.br\/#organization\",\"name\":\"Jornal Timoneiro Canoas RS\",\"url\":\"https:\/\/jornaltimoneiro.com.br\/\",\"logo\":{\"@type\":\"ImageObject\",\"inLanguage\":\"pt-BR\",\"@id\":\"https:\/\/jornaltimoneiro.com.br\/#\/schema\/logo\/image\/\",\"url\":\"https:\/\/jornaltimoneiro.com.br\/wp-content\/uploads\/2023\/03\/logonovo.png\",\"contentUrl\":\"https:\/\/jornaltimoneiro.com.br\/wp-content\/uploads\/2023\/03\/logonovo.png\",\"width\":\"469\",\"height\":\"171\",\"caption\":\"Jornal Timoneiro Canoas RS\"},\"image\":{\"@id\":\"https:\/\/jornaltimoneiro.com.br\/#\/schema\/logo\/image\/\"},\"sameAs\":[\"https:\/\/www.facebook.com\/jornaltimoneiro\",\"https:\/\/twitter.com\/_OTimoneiro\",\"https:\/\/www.instagram.com\/jornaltimoneirocanoas\/\",\"https:\/\/www.youtube.com\/@jornalotimoneiro7927\"]}]}<\/script>\n<!-- \/ Yoast SEO plugin. -->","yoast_head_json":{"title":"Vers\u00e3o Impressa - O Timoneiro Jornal Canoas RS","description":"jornal canoas not\u00edcias variedade esporte pol\u00edtica sa\u00fade educa\u00e7\u00e3o cultura cinema entretenimento assuntos gerais vers\u00e3o impressa comunidade RS","robots":{"index":"index","follow":"follow","max-snippet":"max-snippet:-1","max-image-preview":"max-image-preview:large","max-video-preview":"max-video-preview:-1"},"canonical":"https:\/\/jornaltimoneiro.com.br\/index.php\/versao-impressa\/","og_locale":"pt_BR","og_type":"article","og_title":"Vers\u00e3o Impressa - O Timoneiro Jornal Canoas RS","og_description":"jornal canoas not\u00edcias variedade esporte pol\u00edtica sa\u00fade educa\u00e7\u00e3o cultura cinema entretenimento assuntos gerais vers\u00e3o impressa comunidade RS","og_url":"https:\/\/jornaltimoneiro.com.br\/index.php\/versao-impressa\/","og_site_name":"O Timoneiro Jornal Canoas RS","article_publisher":"https:\/\/www.facebook.com\/jornaltimoneiro","article_modified_time":"2026-05-07T22:55:34+00:00","og_image":[{"url":"https:\/\/jornaltimoneiro.com.br\/wp-content\/uploads\/2026\/05\/capa-752x1024.png"}],"twitter_card":"summary_large_image","twitter_site":"@_OTimoneiro","twitter_misc":{"Est. tempo de leitura":"1 minuto"},"schema":{"@context":"https:\/\/schema.org","@graph":[{"@type":"WebPage","@id":"https:\/\/jornaltimoneiro.com.br\/index.php\/versao-impressa\/","url":"https:\/\/jornaltimoneiro.com.br\/index.php\/versao-impressa\/","name":"Vers\u00e3o Impressa - O Timoneiro Jornal Canoas RS","isPartOf":{"@id":"https:\/\/jornaltimoneiro.com.br\/#website"},"datePublished":"2026-05-07T22:20:55+00:00","dateModified":"2026-05-07T22:55:34+00:00","description":"jornal canoas not\u00edcias variedade esporte pol\u00edtica sa\u00fade educa\u00e7\u00e3o cultura cinema entretenimento assuntos gerais vers\u00e3o impressa comunidade RS","breadcrumb":{"@id":"https:\/\/jornaltimoneiro.com.br\/index.php\/versao-impressa\/#breadcrumb"},"inLanguage":"pt-BR","potentialAction":[{"@type":"ReadAction","target":["https:\/\/jornaltimoneiro.com.br\/index.php\/versao-impressa\/"]}]},{"@type":"BreadcrumbList","@id":"https:\/\/jornaltimoneiro.com.br\/index.php\/versao-impressa\/#breadcrumb","itemListElement":[{"@type":"ListItem","position":1,"name":"In\u00edcio","item":"https:\/\/jornaltimoneiro.com.br\/"},{"@type":"ListItem","position":2,"name":"Vers\u00e3o Impressa"}]},{"@type":"WebSite","@id":"https:\/\/jornaltimoneiro.com.br\/#website","url":"https:\/\/jornaltimoneiro.com.br\/","name":"Jornal Timoneiro Canoas RS","description":"Jornal O Timoneiro, o verdadeiro jornal de Canoas","publisher":{"@id":"https:\/\/jornaltimoneiro.com.br\/#organization"},"potentialAction":[{"@type":"SearchAction","target":{"@type":"EntryPoint","urlTemplate":"https:\/\/jornaltimoneiro.com.br\/?s={search_term_string}"},"query-input":"required name=search_term_string"}],"inLanguage":"pt-BR"},{"@type":"Organization","@id":"https:\/\/jornaltimoneiro.com.br\/#organization","name":"Jornal Timoneiro Canoas RS","url":"https:\/\/jornaltimoneiro.com.br\/","logo":{"@type":"ImageObject","inLanguage":"pt-BR","@id":"https:\/\/jornaltimoneiro.com.br\/#\/schema\/logo\/image\/","url":"https:\/\/jornaltimoneiro.com.br\/wp-content\/uploads\/2023\/03\/logonovo.png","contentUrl":"https:\/\/jornaltimoneiro.com.br\/wp-content\/uploads\/2023\/03\/logonovo.png","width":"469","height":"171","caption":"Jornal Timoneiro Canoas RS"},"image":{"@id":"https:\/\/jornaltimoneiro.com.br\/#\/schema\/logo\/image\/"},"sameAs":["https:\/\/www.facebook.com\/jornaltimoneiro","https:\/\/twitter.com\/_OTimoneiro","https:\/\/www.instagram.com\/jornaltimoneirocanoas\/","https:\/\/www.youtube.com\/@jornalotimoneiro7927"]}]}},"_links":{"self":[{"href":"https:\/\/jornaltimoneiro.com.br\/index.php\/wp-json\/wp\/v2\/pages\/11784"}],"collection":[{"href":"https:\/\/jornaltimoneiro.com.br\/index.php\/wp-json\/wp\/v2\/pages"}],"about":[{"href":"https:\/\/jornaltimoneiro.com.br\/index.php\/wp-json\/wp\/v2\/types\/page"}],"author":[{"embeddable":true,"href":"https:\/\/jornaltimoneiro.com.br\/index.php\/wp-json\/wp\/v2\/users\/1"}],"replies":[{"embeddable":true,"href":"https:\/\/jornaltimoneiro.com.br\/index.php\/wp-json\/wp\/v2\/comments?post=11784"}],"version-history":[{"count":391,"href":"https:\/\/jornaltimoneiro.com.br\/index.php\/wp-json\/wp\/v2\/pages\/11784\/revisions"}],"predecessor-version":[{"id":40670,"href":"https:\/\/jornaltimoneiro.com.br\/index.php\/wp-json\/wp\/v2\/pages\/11784\/revisions\/40670"}],"wp:attachment":[{"href":"https:\/\/jornaltimoneiro.com.br\/index.php\/wp-json\/wp\/v2\/media?parent=11784"}],"curies":[{"name":"wp","href":"https:\/\/api.w.org\/{rel}","templated":true}]}}